{"id":2469,"date":"2015-04-26T21:34:51","date_gmt":"2015-04-26T21:34:51","guid":{"rendered":"https:\/\/yokim.net\/?page_id=2469"},"modified":"2015-04-26T21:34:51","modified_gmt":"2015-04-26T21:34:51","slug":"yongho-kim-3","status":"publish","type":"page","link":"https:\/\/yokim.net\/es\/yongho-kim-3","title":{"rendered":"yongho kim"},"content":{"rendered":"\n<p class=\"has-text-align-left\"><em>\u00bfqui\u00e9n?<\/em><\/p>\n\n\n\n<p>Me llamo Yongho Kim, y soy un activista profesional trabajando con varias organizaciones de justicia social en el sur de California &#8211; Los Angeles y Orange County. He estado en este campo de trabajo desde el 2002, trabajando en acceso a la salud, organizando a ancianos, derechos migrantes, participaci\u00f3n c\u00edvica y digital, y me he estado especializ\u00e1ndome en sitios web y bases de datos.<\/p>\n\n\n\n<p>Mi familia es de Bus\u00e1n, dond\u00e9 nac\u00ed y fuimos a Chile en 1990 donde vivimos por 11 a\u00f1os. Durante esos 11 a\u00f1os recib\u00ed educaci\u00f3n desde segundo b\u00e1sico hasta el liceo. Vivimos en Concepci\u00f3n, Santiago y Temuco. Temuco es una ciudad interesante donde uno puede caminar desde un rinc\u00f3n de la ciudad hasta el rinc\u00f3n opuesto en una tarde. Hab\u00edan 20 coreanos en la ciudad, y nos salud\u00e1bamos los &nbsp;unos a los otros en la calle. Cuando vivimos en Santiago, tube un shock cultural al enterarme que los coreanos all\u00ed no lo hac\u00edan.<\/p>\n\n\n\n<p>En el liceo estuvo super aburrido y decid\u00ed buscar un cambio al ambiente acad\u00e9mico buscando universidades en otros pa\u00edses. Averig\u00fc\u00e9 unas opciones en Corea, Alemania y Estados Unidos y califiqu\u00e9 en la admisi\u00f3n de Macalester College en Saint Paul, Minnesota. Ah\u00ed trat\u00e9 de estudiar filosof\u00eda y qu\u00edmica pero despu\u00e9s de algunas clases termin\u00e9 estudiando Antropolog\u00eda, que era m\u00e1s interesante.<\/p>\n\n\n\n<p>Mis padres son misioneros presbiterianos, y se mudaron a Lima para continuar misiones m\u00e9dicas y desarrollar del liderazgo local. Ah\u00ed viven ahora. Los coreanos son conocidos por inmigrar a pa\u00edses lejanos, pero nuestra familia tambi\u00e9n est\u00e1 bien dispersa, con t\u00edas y t\u00edos viviendo en Alemania, Nueva Zelanda, y en el Este, Oeste, y Sur de los Estados Unidos.<\/p>\n\n\n\n<p>Hablar el castellano cambi\u00f3 mi vida en los Estados Unidos. El primer trabajo de voluntario que hice en la universidad fue servir de int\u00e9rprete en una <a href=\"http:\/\/parkavechurchmpls.com\/outreach\/walk-in-legal-clinic\/\">cl\u00ednica legal en la Iglesia Park Avenue<\/a>. Tambi\u00e9n tuve clases super raras donde le\u00edamos sobre teor\u00edas culturales de la izquierda, y me un\u00ed al grupo de estudiantes latinos \u00a1Adelante! porque en el grupo de estudiantes Asi\u00e1ticos hab\u00eda una mayor\u00eda de estudiantes de econom\u00eda que me quedaban pesaos.<\/p>\n\n\n\n<p>Aparte del trabajo, juego el videojuego <a href=\"http:\/\/www.noobmeter.com\/player\/na\/yonghokim\/1003811983\/\">World of Tanks<\/a> y atiendo la <a href=\"http:\/\/churchpeace.org\/en\/about\/\">iglesia coreana Church of Peace<\/a>, una iglesia local conocida por su politica de izquierda.<\/p>\n\n\n\n<p><em>\u00bfd\u00f3nde?<\/em><\/p>\n\n\n\n<p>Este es mi blog personal, donde he estado escribiendo desde el 2004, comentarios sociales, el clima, mis estudios, el trabajo, etc. Pero recientemente, desde el 2008 hasta el 2016 he estado ocupado y no escrib\u00ed casi nada en la secci\u00f3n de castellano (un poco m\u00e1s en la secci\u00f3n ingl\u00e9s o coreano). En el 10 de Abril del 2016, empec\u00e9 un proyecto en la que estaba interesado desde el 1998 pero nunca hab\u00eda tenido antes el tiempo ni la tecnolog\u00eda para hacerlo: <a href=\"http:\/\/aigocoreano.com\">proveer recursos para que la gente que habla el castellano pero no habla el ingl\u00e9s pueda aprender o practicar el castellano<\/a>.<\/p>\n\n\n\n<p><em>\u00bfc\u00f3mo?<\/em><\/p>\n\n\n\n<p>Este sitio est\u00e1 en una plataforma de WordPress. Los contenidos est\u00e1n licenciados con Creative Commons BY-SA, y el servidor est\u00e1 servido por <a href=\"http:\/\/rimuhosting.com\">RimuHosting<\/a>.<\/p>\n\n\n\n<p>C\u00f3mo contactarme:<\/p>\n\n\n\n<ul class=\"wp-block-list\"><li>213.973.3330<\/li><li>yokima@gmail.com<\/li><li><a href=\"http:\/\/twitter.com\/yonghokim\">twitter.com\/yonghokim<\/a><\/li><\/ul>\n\n\n\n<p>En el per\u00edodo entre 1996 y 2005 us\u00e9 las siguientes direcciones de correo y p\u00e1ginas web. Ya no tengo acceso a estas cuentas, pero las dejo de constancia aqu\u00ed por si alguien en el futuro me busca en Google por las direcciones:<\/p>\n\n\n\n<p>Emails<\/p>\n\n\n\n<ul class=\"wp-block-list\"><li>ninito@i.am<\/li><li>yhk@i.am<\/li><li>futureshine@geocities.com<\/li><li>futureshine@hanmail.net<\/li><li>nejludov@shinbiro.com<\/li><li>Jimbogimbo@aol.com<\/li><li>yhk2k@hotmail.com<\/li><li>ykim001@pinhue.ufro.cl<\/li><li>futureshine@hotmail.com<\/li><li>ykim@macalester.edu<\/li><li>yhk2k@yahoo.com<\/li><li>yonghokim82@hotmail.com<\/li><\/ul>\n\n\n\n<p>P\u00e1ginas web<\/p>\n\n\n\n<ul class=\"wp-block-list\"><li>www.geocities.com\/just_begun\/<\/li><li><a href=\"https:\/\/web.archive.org\/web\/20020725030634\/http:\/\/www.macalester.edu:80\/~ykim\/\">macalester.edu\/~ykim<\/a><\/li><li><a href=\"https:\/\/web.archive.org\/web\/20020317190341\/http:\/\/thor.prohosting.com\/~nnejludov\/sp\/index.htm\">thor.prohosting.com\/~nnejludov\/sp\/<\/a>&nbsp;| yhk.i.am<\/li><li><a href=\"https:\/\/web.archive.org\/web\/20030511194943\/http:\/\/thor.prohosting.com:80\/~nnejludov\/3roc\/inicio.htm\">4toc.pagina.de<\/a><\/li><li>&nbsp;<\/li><\/ul>\n","protected":false},"excerpt":{"rendered":"<p>\u00bfqui\u00e9n? Me llamo Yongho Kim, y soy un activista profesional trabajando con varias organizaciones de justicia social en el sur de California &#8211; Los Angeles y Orange County. He estado en este campo de trabajo desde el 2002, trabajando en acceso a la salud, organizando a ancianos, derechos migrantes, participaci\u00f3n c\u00edvica y digital, y me [&hellip;]<\/p>\n","protected":false},"author":1,"featured_media":0,"parent":0,"menu_order":0,"comment_status":"open","ping_status":"open","template":"","meta":{"footnotes":""},"class_list":["post-2469","page","type-page","status-publish","hentry"],"_links":{"self":[{"href":"https:\/\/yokim.net\/es\/wp-json\/wp\/v2\/pages\/2469","targetHints":{"allow":["GET"]}}],"collection":[{"href":"https:\/\/yokim.net\/es\/wp-json\/wp\/v2\/pages"}],"about":[{"href":"https:\/\/yokim.net\/es\/wp-json\/wp\/v2\/types\/page"}],"author":[{"embeddable":true,"href":"https:\/\/yokim.net\/es\/wp-json\/wp\/v2\/users\/1"}],"replies":[{"embeddable":true,"href":"https:\/\/yokim.net\/es\/wp-json\/wp\/v2\/comments?post=2469"}],"version-history":[{"count":0,"href":"https:\/\/yokim.net\/es\/wp-json\/wp\/v2\/pages\/2469\/revisions"}],"wp:attachment":[{"href":"https:\/\/yokim.net\/es\/wp-json\/wp\/v2\/media?parent=2469"}],"curies":[{"name":"wp","href":"https:\/\/api.w.org\/{rel}","templated":true}]}}