{"id":2577,"date":"2015-06-30T21:50:15","date_gmt":"2015-07-01T04:50:15","guid":{"rendered":"http:\/\/yokim.net\/?page_id=2577"},"modified":"2025-03-26T20:32:14","modified_gmt":"2025-03-27T03:32:14","slug":"coreano","status":"publish","type":"page","link":"https:\/\/yokim.net\/es\/coreano","title":{"rendered":"Aigo Coreano &#8211; sesiones en vivo"},"content":{"rendered":"<p><img loading=\"lazy\" decoding=\"async\" src=\"https:\/\/yokim.net\/wp-content\/uploads\/sites\/2\/2016\/05\/Coreano-Menu-01-1.jpg\" alt=\"Coreano Menu-01\" usemap=\"#menu\" width=\"1200\" height=\"300\" \/><\/p>\n<map name=\"menu\">\n<area alt=\"Sesi\u00f3n de chat del idioma Coreano\" coords=\"0,0,1200,100\" shape=\"rect\" href=\"\/es\/coreano\/\" \/>\n<area alt=\"\u00bfPrimera vez usando el chat?\" coords=\"0,100,257,300\" shape=\"rect\" href=\"\/es\/coreano\/primera-vez\" \/>\n<area alt=\"\u00bfTiene preguntas?\" coords=\"258,100,437,300\" shape=\"rect\" href=\"\/es\/coreano\/calificaciones\" \/>\n<area alt=\"Formato\" coords=\"438,100,616,300\" shape=\"rect\" href=\"\/es\/coreano\/formato\" \/>\n<area alt=\"Discusi\u00f3n\/Sesiones pasadas\" coords=\"617,100,807,300\" shape=\"rect\" href=\"https:\/\/www.reddit.com\/r\/coreano\" \/>\n<area alt=\"Evaluaci\u00f3n\" coords=\"807,100,1006,300\" shape=\"rect\" href=\"\/es\/coreano\/evaluacion\" \/>\n<area alt=\"Recursos\" coords=\"1007,100,1200,300\" shape=\"rect\" href=\"\/es\/coreano\/recursos\" \/> <\/map>\n<p>\u00a1Hola! Mi nombre es <a href=\"http:\/\/yokim.net\/es\/yongho-kim\/\">Yongho Kim<\/a>. A trav\u00e9s de esta p\u00e1gina web y un sitio de chat de audio quisiera proveer pr\u00e1ctica gratuita del idioma coreano para estudiantes del idioma que no tengan\u00a0acceso a los recursos disponibles en ingl\u00e9s.<br \/>\n<iframe loading=\"lazy\" style=\"float: right;\" src=\"https:\/\/discordapp.com\/widget?id=168455830423732224&amp;theme=dark\" width=\"350\" height=\"500\" frameborder=\"0\"><\/iframe><\/p>\n<ol>\n<li>\u00bf<strong><a href=\"http:\/\/yokim.net\/es\/coreano\/primera-vez\/\">Primera vez<\/a><\/strong> usando el chat?<\/li>\n<li>\u00bf<strong><a href=\"https:\/\/discord.gg\/0wL2o1tl3gvhdgF8\">Ya ha creado su cuenta del chat<\/a><\/strong> y sabe c\u00f3mo usarlo?\n<ol>\n<li>Seleccione \u00abSpanish-Text-Chat\u00bb en text chat<\/li>\n<li>Seleccione \u00abSpanish Audio\u00bb en Voice Channels<\/li>\n<\/ol>\n<\/li>\n<li><a href=\"http:\/\/yokim.net\/es\/coreano\/calificaciones\/\">Mi nivel de coreano y respuestas a otras preguntas<\/a><\/li>\n<li><a href=\"https:\/\/yokim.net\/es\/coreano\/formato\">Formato y nivel de las sesiones<\/a><\/li>\n<li><a href=\"http:\/\/yokim.net\/es\/coreano\/recursos\/\"><strong>Otros recursos<\/strong><\/a> para aprender el\u00a0coreano. Si no sabe leer el coreano o quisiera\u00a0adquirir m\u00e1s conocimiento de gram\u00e1tica, consulte la informacion vinculada\u00a0aqu\u00ed.<\/li>\n<li>Comparta sus<strong> <a href=\"https:\/\/www.reddit.com\/r\/coreano\">sugerencias y preguntas en Reddit<\/a><\/strong><\/li>\n<li>\u00bfTiene <strong><a href=\"http:\/\/yokim.net\/es\/coreano\/otras-preguntas\/\">otras preguntas<\/a><\/strong>?<\/li>\n<li>Antes y despu\u00e9s de cada sesi\u00f3n, por favor \u00a1<a href=\"https:\/\/docs.google.com\/forms\/d\/1In8df_LYBfDIxYB1lrM9EBLK8GJ3uxcs0geTYLr5y5U\/viewform\">llene este forma de evaluaci\u00f3n<\/a>! Voy a usar los datos aqu\u00ed para seguir mejorando mis sesiones.<\/li>\n<\/ol>\n<p><strong>\u00bfQu\u00e9 necesita saber del idioma para participar?<\/strong><\/p>\n<p>Solamente necesita poder leer\u00a0un texto en coreano (no es necesario que lo entienda). Si sabe conjugar un poco los verbos, le va a ser m\u00e1s f\u00e1cil participar, pero no es necesario.\u00a0Cualquier conocimiento adicional le ayudar\u00a1a, pero no es requerido.<\/p>\n<p><strong>\u00bfQu\u00e9 se hace en las sesiones?<\/strong><\/p>\n<ul>\n<li><a href=\"https:\/\/www.youtube.com\/watch?v=1cyM4zmJE6A#t=17m30s\">Leemos guiones<\/a> de telenovelas coreanas.<\/li>\n<li><a href=\"https:\/\/www.youtube.com\/watch?v=XTgl3g55p48#t=42m13s\">Aprendemos expresiones y vocabulario<\/a> basado en un tema por cada sesi\u00f3n<\/li>\n<li>No hacemos lecciones generales de gram\u00e1tica, pero si tiene cualquier duda de gram\u00e1tica u otro tema, preg\u00fantelas durante las sesiones<\/li>\n<\/ul>\n<p>Por ahora estamos haciendo las actividades arriba. Si tiene otras ideas, \u00a1prop\u00f3ngalas en <a href=\"https:\/\/www.reddit.com\/r\/coreano\">los foros de discusi\u00f3n de reddit<\/a>!\u00a0Las\u00a0sesiones son grabadas por video y se har\u00e1n\u00a0disponibles en los foros.<\/p>\n<p><iframe loading=\"lazy\" style=\"float: left; margin-right: 2em;\" src=\"https:\/\/calendar.google.com\/calendar\/embed?showTitle=0&amp;showPrint=0&amp;showTabs=0&amp;showCalendars=0&amp;mode=AGENDA&amp;height=300&amp;wkst=1&amp;hl=es&amp;bgcolor=%23FFFFFF&amp;src=utajps20uib4ou5cd0sm5us5ps%40group.calendar.google.com&amp;color=%230F4B38&amp;ctz=America%2FLos_Angeles\" width=\"250\" height=\"300\" frameborder=\"0\" scrolling=\"no\"><\/iframe><strong>Horarios<\/strong><\/p>\n<p>Los horarios de las sesiones son:<\/p>\n<ul>\n<li>Martes 7pm PDT en California.\u00a0Costa Rica: 8pm, M\u00e9xico(DF)\/Colombia\/Per\u00fa: 9pm,\u00a0Puerto Rico: 10pm, Venezuela: 10:30pm, Chile\/Argentina: 11pm<\/li>\n<li>Domingos\u00a03pm PDT en California. Costa Rica: 4pm, M\u00e9xico(DF)\/Colombia\/Per\u00fa: 5pm, Puerto Rico: 6pm, Venezuela: 6:30pm, Chile\/Argentina: 7pm, Espa\u00f1a: 12am (medianoche)<\/li>\n<\/ul>\n<figure id=\"attachment_2706\" aria-describedby=\"caption-attachment-2706\" style=\"width: 263px\" class=\"wp-caption alignright\"><a href=\"https:\/\/yokim.net\/wp-content\/uploads\/sites\/2\/2016\/04\/Standard_World_Time_Zones.png\" rel=\"attachment wp-att-2706\"><img loading=\"lazy\" decoding=\"async\" class=\"wp-image-2706 size-medium\" src=\"https:\/\/yokim.net\/wp-content\/uploads\/sites\/2\/2016\/04\/Standard_World_Time_Zones-263x300.png\" alt=\"Standard_World_Time_Zones\" width=\"263\" height=\"300\" srcset=\"https:\/\/yokim.net\/wp-content\/uploads\/2016\/04\/Standard_World_Time_Zones-263x300.png 263w, https:\/\/yokim.net\/wp-content\/uploads\/2016\/04\/Standard_World_Time_Zones.png 769w\" sizes=\"auto, (max-width: 263px) 100vw, 263px\" \/><\/a><figcaption id=\"caption-attachment-2706\" class=\"wp-caption-text\"><a href=\"https:\/\/commons.wikimedia.org\/wiki\/File:Standard_World_Time_Zones.png\">Time Zones<\/a> (CC BY-SA)<\/figcaption><\/figure>\n<p>(basado en el 1 de Mayo &#8211; esto puede cambiar dependiendo de la aplicaci\u00f3n del horario de verano)<\/p>\n<p>Cuando hayan cambios de \u00faltima hora, voy a actualizar este calendario (puede que en el chat haya un mensaje diciendo que hay sesi\u00f3n ese d\u00eda, pero ese mensaje es un mensaje que puse varios d\u00edas atr\u00e1s.. el calendario tendr\u00e1 la informaci\u00f3n m\u00e1s actualizada). Puede agregar el calendario a su tel\u00e9fono para saber qu\u00e9 d\u00edas cancelo la sesi\u00f3n y qu\u00e9 d\u00edas hay sesi\u00f3n (y a qu\u00e9 hora)\u00a0Aprete el signo de m\u00e1s + para agregar el calendario a su smartphone.<\/p>\n<p>Cuando no hay sesi\u00f3n, todo lo que eso significa es que yo no estar\u00e9 conectado. Pero usted tambi\u00e9n puede usar el espacio para hablar con otros participantes y ayudarse los unos a los otros, incluso en los d\u00edas en las que yo no est\u00e9.<\/p>\n<p><strong>Materiales (referencia para instructor)<\/strong><\/p>\n<ul>\n<li>Telenovela \u00abNo me digas la verdad\u00bb: <a href=\"https:\/\/www.youtube.com\/watch?v=wCkM04VC26g&amp;index=6&amp;list=PL7D0A4654E802ED7C\">Video<\/a>\u00a0Script:\u00a0S#50<\/li>\n<\/ul>\n","protected":false},"excerpt":{"rendered":"<p>\u00a1Hola! Mi nombre es Yongho Kim. A trav\u00e9s de esta p\u00e1gina web y un sitio de chat de audio quisiera proveer pr\u00e1ctica gratuita del idioma coreano para estudiantes del idioma que no tengan\u00a0acceso a los recursos disponibles en ingl\u00e9s. \u00bfPrimera vez usando el chat? \u00bfYa ha creado su cuenta del chat y sabe c\u00f3mo usarlo? [&hellip;]<\/p>\n","protected":false},"author":1,"featured_media":0,"parent":0,"menu_order":0,"comment_status":"closed","ping_status":"closed","template":"","meta":{"footnotes":""},"class_list":["post-2577","page","type-page","status-publish","hentry"],"_links":{"self":[{"href":"https:\/\/yokim.net\/es\/wp-json\/wp\/v2\/pages\/2577","targetHints":{"allow":["GET"]}}],"collection":[{"href":"https:\/\/yokim.net\/es\/wp-json\/wp\/v2\/pages"}],"about":[{"href":"https:\/\/yokim.net\/es\/wp-json\/wp\/v2\/types\/page"}],"author":[{"embeddable":true,"href":"https:\/\/yokim.net\/es\/wp-json\/wp\/v2\/users\/1"}],"replies":[{"embeddable":true,"href":"https:\/\/yokim.net\/es\/wp-json\/wp\/v2\/comments?post=2577"}],"version-history":[{"count":1,"href":"https:\/\/yokim.net\/es\/wp-json\/wp\/v2\/pages\/2577\/revisions"}],"predecessor-version":[{"id":6185,"href":"https:\/\/yokim.net\/es\/wp-json\/wp\/v2\/pages\/2577\/revisions\/6185"}],"wp:attachment":[{"href":"https:\/\/yokim.net\/es\/wp-json\/wp\/v2\/media?parent=2577"}],"curies":[{"name":"wp","href":"https:\/\/api.w.org\/{rel}","templated":true}]}}