{"id":3196,"date":"2017-11-12T15:09:43","date_gmt":"2017-11-12T23:09:43","guid":{"rendered":"http:\/\/yokim.net\/?page_id=3196\/"},"modified":"2017-11-12T15:09:43","modified_gmt":"2017-11-12T23:09:43","slug":"twitch-youtube","status":"publish","type":"page","link":"https:\/\/yokim.net\/es\/yongho-kim-3\/twitch-youtube","title":{"rendered":"\u00bfQui\u00e9n es Yongho Kim? (Perfil para Twitch y YouTube)"},"content":{"rendered":"\n<div class=\"wp-block-image\"><figure class=\"alignright\"><a href=\"http:\/\/yokim.net\/wp-content\/uploads\/sites\/2\/2020\/06\/Yongho-Kim-2020-04-scaled.jpg\"><img decoding=\"async\" src=\"http:\/\/yokim.net\/wp-content\/uploads\/sites\/2\/2020\/06\/Yongho-Kim-2020-04-300x225.jpg\" alt=\"\" class=\"wp-image-4325\" \/><\/a><\/figure><\/div>\n\n\n\n<p>Hola! Si est\u00e1 viendo esta p\u00e1gina probablemente se ha venido de <a href=\"http:\/\/twitch.tv\/yonghokim\">Twitch <\/a>o <a href=\"http:\/\/youtube.com\/yonghokim\">YouTube<\/a>.&nbsp; Me llamo Yongho Kim, y soy un activista profesional en una organizaci\u00f3n comunitaria de derechos de los inmigrantes llamada <a href=\"http:\/\/krcla.org\/en\/about\">Centro de Recursos Coreanos<\/a>&nbsp;(KRC) en Los Angeles, Estados Unidos. He estado con esta organizaci\u00f3n desde el 2006, trabajando en acceso a la salud, organizando a ancianos, derechos migrantes, participaci\u00f3n c\u00edvica y digital, y me he estado especializ\u00e1ndome en <a href=\"http:\/\/krcla.org\/en\/digital\">sitios web y bases de datos<\/a>. KRC es una organizaci\u00f3n con amplia influencia en la comunidad coreana y Asi\u00e1tica por la justicia social. <a href=\"http:\/\/yokim.net\/es\/yongho-kim\/\">El resto de mi biograf\u00eda est\u00e1 aqu\u00ed<\/a>.<\/p>\n\n\n\n<div style=\"background: #e4a753;margin: 1em;padding: .5em\">Estoy buscando alguien con quien hacer podcasts de conversaci\u00f3n en castellano, similar a <a href=\"http:\/\/www.hellointernet.fm\/\">Hello Internet<\/a>. Podemos cubrir cualquier t\u00f3pico, menos cultura popular (porque no s\u00e9 mucho del tema), como el internet, historia, pol\u00edtica, sociedad, noticias, etc. La frecuencia y hora de grabaci\u00f3n lo podemos conversar. Si le interesa cont\u00e1cteme por email o en el chat o <a href=\"https:\/\/discord.gg\/XG8mSN5\">Discord<\/a>.<\/div>\n\n\n\n<p>Empec\u00e9 a hacer livestreams con el prop\u00f3sito de poner en pr\u00e1ctica el idioma castellano, que se me empezaba a olvidar. Cuando me hab\u00eda graduado del liceo en Chile en el 2001, pod\u00eda hablar castellano perfectamente, pero en los \u00faltimos a\u00f1os se me hizo un poco rancio y tengo m\u00e1s dificultades con la interpretaci\u00f3n.<\/p>\n\n\n\n<p><em>\u00bferes coreano? \u00bfc\u00f3mo hablas el castellano?<\/em><\/p>\n\n\n\n<p>S\u00ed soy coreano. Mis padres eran misioneros protestantes, entonces nuestra familia vivimos en Chile del 1990 hasta el 2001. Yo despu\u00e9s de eso fui a los EEUU para ir a la universidad y me qued\u00e9 aqu\u00ed. Ahora mis padres est\u00e1n en Per\u00fa haciendo trabajo misionero. Si tiene cualquier pregunta sobre el idioma coreano, no dude en preguntar durante el livestream.<\/p>\n\n\n\n<p><em>\u00bfc\u00f3mo aprendiste el piano? \u00bfpuedes tocar pieza X?<\/em><\/p>\n\n\n\n<p>Aprend\u00ed el piano como extracurricular por dos a\u00f1os comenzando en octavo b\u00e1sico. Despu\u00e9s aprend\u00ed lo b\u00e1sico del jazz por un a\u00f1o de otro maestro del liceo. Despu\u00e9s, desde 2001 hasta el 2012, no tuve mucha oportunidad de tocar el piano, y solo comenc\u00e9 a tocar un poco recientemente, tratando de refrescar la memoria con las piezas que tocaba antes. Probablemente no voy a poder tocar m\u00fasica por pedido, pero quiz\u00e1s en el futuro cuando mejore la t\u00e9cnica..<\/p>\n\n\n\n<p><em>\u00bfc\u00f3mo conectaste el piano al computador?<\/em><\/p>\n\n\n\n<p>Hay tres maneras b\u00e1sicas de mandar el sonido del piano digital al computador:<\/p>\n\n\n\n<ol class=\"wp-block-list\"><li>A la antigua, poner un micr\u00f3fono al lado del piano<\/li><li><a href=\"http:\/\/yokim.net\/es\/3189\/\">Por USB<\/a>&nbsp;&#8211; es lo que trat\u00e9 primero pero no me gust\u00f3 los resultados (el instrumento virtual no me convenci\u00f3)<\/li><li>Conectando el AUX out con un puerto de micr\u00f3fono en el computador<\/li><\/ol>\n\n\n\n<p><em>\u00bftienes reglas de conducta para el canal?<\/em><\/p>\n\n\n\n<p>La mayor\u00eda de las reglas en otros canales las encuentro superfluas &#8211; casi de todo se permite en el canal:<\/p>\n\n\n\n<ul class=\"wp-block-list\"><li>poner links de video o clip que quiera recomendar para m\u00ed o a los dem\u00e1s participantes<\/li><li>hablarse los unos con los otros (aunque no lo crean, los canales coreanos proh\u00edben que los participantes se hablen los unos a los otros)<\/li><li>mencionar o recomendar otros streamers<\/li><\/ul>\n\n\n\n<p>Pero esto se proh\u00edbe:<\/p>\n\n\n\n<ol class=\"wp-block-list\"><li>no me importa que ud sea un nazi o simpatizante de trump, pero si se pone hablar favorablemente de los nazis, o en contra de minor\u00edas, al tiro al ban<\/li><li>atacar o insultar a otros participantes o streamers<\/li><li>links indecentes o que correspondan al #1 o #2 arriba<\/li><\/ol>\n\n\n\n<p><em>quiero hacer una donaci\u00f3n<\/em><\/p>\n\n\n\n<p><a href=\"https:\/\/krcla.ourpowerbase.net\/civicrm\/pcp\/info?reset=1&amp;id=10\">Done al KRC<\/a> para avanzar la justicia social y apoyar a los inmigrantes en EEUU.<\/p>\n\n\n\n<p><em>\u00bfc\u00f3mo haces todo esto?<\/em><\/p>\n\n\n\n<p>El la organizaci\u00f3n me he dedicado a desarrollar p\u00e1ginas web, dise\u00f1o, grabaci\u00f3n y edici\u00f3n de videos, livestreams, y solo estoy reusando el conocimiento adquirido para mi hobby.<\/p>\n\n\n\n<p>\u00bfqu\u00e9 tipos de juegos juegas?<\/p>\n\n\n\n<p>He jugado principalmente juegos de estrategia por turnos, pero tambi\u00e9n unos de RPG:<\/p>\n\n\n\n<ul class=\"wp-block-list\"><li>6k horas World of Tanks 2013-Presente<\/li><li>5k Civilization V 2010-2014<\/li><li>2k Europa Universalis<\/li><li>1k Hearts of Iron II: Darkest Hour<\/li><li>1k Civilization II&nbsp;<\/li><li>1k \uc0bc\uad6d\uc9c04, \uc0bc\uad6d\uc9c05<\/li><li>1k Northgard<\/li><li>1k Dragon Age: Origins<\/li><li>1k Baldur&#8217;s Gate I<\/li><li>1k \ub300\ud56d\ud574\uc2dc\ub300 \uc628\ub77c\uc778<\/li><\/ul>\n\n\n\n<p id=\"setup\"><em>\u00bfqu\u00e9 tipo de equipo y configuraci\u00f3n est\u00e1s usando para los streams?<\/em><\/p>\n\n\n\n<ul class=\"wp-block-list\"><li>Streaming: <a href=\"https:\/\/obsproject.com\/\">OBS Studio<\/a><\/li><li>Para hacer streaming simult\u00e1neo en Twitch y YouTube: <a href=\"https:\/\/restream.io\">Restream.io<\/a> <del><a href=\"https:\/\/obsproject.com\/forum\/resources\/how-to-set-up-your-own-private-rtmp-server-using-nginx.50\/\">esta soluci\u00f3n con un servidor ubuntu+nginx en la casa<\/a> retransmitiendo el stream en m\u00e1quina virtual sobre VirtualBox<\/del><\/li><li>Elementos de composici\u00f3n de pantalla:\n<ul>\n<li><a href=\"https:\/\/www.youtube.com\/watch?v=IFmqBNFRyZc\">Efectos de follow y host<\/a>: <a href=\"https:\/\/streamlabs.com\/\">StreamLabs<\/a><\/li>\n<li>Chat multiplataforma: <a href=\"https:\/\/restream.io\">Restream.io<\/a><\/li>\n<li>Notificaci\u00f3n de chat: <a href=\"https:\/\/chatty.github.io\/\">Chatty<\/a> (Twitch), <a href=\"https:\/\/www.speechchat.com\/\">SpeechChat<\/a> (YouTube)<\/li>\n<li>Sonidos por comando: <a href=\"https:\/\/streamlabs.com\/chatbot\">Streamlabs Chatbot<\/a><\/li>\n<li><a href=\"https:\/\/discordapp.com\/streamkit\">Discord Streamkit<\/a><\/li>\n<li>Pauta virtual: Adobe Acrobat, Kindle<\/li>\n<li><a href=\"https:\/\/www.samjarman.co.nz\/blog\/lifx-twitch\">Nightbot+IFTTT+Webhooks<\/a>+Kasa y LIFX para luces<\/li>\n<li>Conecci\u00f3n de distancia con Switch: <a href=\"https:\/\/obsproject.com\/forum\/resources\/obs-ndi-newtek-ndi%E2%84%A2-integration-into-obs-studio.528\/\">OBS-NDI<\/a><\/li>\n<li>VR: <a href=\"https:\/\/www.gunrun.tv\/vr-streaming-for-vr-chat\">OpenVRTwitchChat<\/a><\/li>\n<\/ul>\n<\/li><li>Micr\u00f3fono:&nbsp;<a href=\"https:\/\/smile.amazon.com\/Samson-Mic-Portable-Condenser-Microphone\/dp\/B001R76D42\/ref=sr_1_1_sspa?s=electronics&amp;ie=UTF8&amp;qid=1510529365&amp;sr=1-1-spons&amp;keywords=samson+go+pro&amp;psc=1\">Samson Go<\/a> (PC),&nbsp; <a href=\"https:\/\/smile.amazon.com\/gp\/product\/B0765YBBR3\/ref=oh_aui_search_detailpage?ie=UTF8&amp;psc=1\">AT2020<\/a> (piano), C920 (cocina)<\/li><li>Webcam:&nbsp;<a href=\"https:\/\/smile.amazon.com\/Logitech-C930e-1080P-Video-Webcam\/dp\/B00CRJWW2G\/ref=sr_1_3?s=electronics&amp;ie=UTF8&amp;qid=1512238666&amp;sr=1-3&amp;keywords=logitech+c930e\">C930e<\/a>+<a href=\"https:\/\/www.chromacam.me\/\">ChromaCam<\/a> (greenscreen virtual), <a href=\"https:\/\/smile.amazon.com\/gp\/product\/B006JH8T3S\/ref=oh_aui_search_detailpage?ie=UTF8&amp;psc=1\">C920<\/a> (living), <a href=\"https:\/\/www.amazon.com\/gp\/product\/B07M6Y7355\/ref=ppx_yo_dt_b_asin_title_o07_s00?ie=UTF8&amp;psc=1\">eMeet<\/a> (Piano overhead),&nbsp;<a href=\"https:\/\/www.amazon.com\/gp\/product\/B07RXYG295\/ref=ppx_yo_dt_b_search_asin_title?ie=UTF8&amp;psc=1\">Angetube<\/a> (estufa), <a href=\"https:\/\/www.amazon.com\/gp\/product\/B087NN41JH\/ref=ppx_yo_dt_b_asin_title_o00_s00?ie=UTF8&amp;psc=1\">Gesma<\/a> (piano perfil), C920 (cocina), <a href=\"https:\/\/smile.amazon.com\/Logitech-Widescreen-designed-Calling-Recording\/dp\/B004FHO5Y6\/ref=sr_1_1?s=electronics&amp;ie=UTF8&amp;qid=1512238650&amp;sr=1-1&amp;keywords=logitech+c270\">C270<\/a> (tabla de cortar),&nbsp;<a href=\"https:\/\/dev47apps.com\/obs\/\">DroidCam OBS<\/a><\/li><li>Piano: <a href=\"https:\/\/smile.amazon.com\/Casio-Privia-PX-130-88-Key-Digital\/dp\/B002IVK0FE\/ref=sr_1_1?s=office-products&amp;ie=UTF8&amp;qid=1510529481&amp;sr=1-1&amp;keywords=privia+px%27130&amp;dpID=41MTfCvM7VL&amp;preST=_SX300_QL70_&amp;dpSrc=srch\">Privia PX-130<\/a>, conectado a <a href=\"https:\/\/smile.amazon.com\/gp\/product\/B00QHURLCW\/ref=oh_aui_detailpage_o07_s00?ie=UTF8&amp;psc=1\">Behringer UMC204HD<\/a>+<a href=\"http:\/\/www.asio4all.org\/\">ASIO<\/a>+<a href=\"http:\/\/www.voicemeeter.com\">Voicemeeter Potato<\/a><\/li><li>Pen input: <a href=\"https:\/\/smile.amazon.com\/gp\/product\/B07YNJBLW5\/ref=ppx_yo_dt_b_search_asin_title?ie=UTF8&amp;psc=1\">SP7<\/a>, <a href=\"https:\/\/www.amazon.com\/gp\/product\/B079J2FSQ7\/ref=ppx_yo_dt_b_search_asin_title?ie=UTF8&amp;psc=1\">Intuos 8&#8243; BT<\/a><\/li><li>Computador: <a href=\"https:\/\/www.newegg.com\/amd-ryzen-9-3900x\/p\/N82E16819113103?Item=N82E16819113103\">3900X<\/a> <a href=\"https:\/\/smile.amazon.com\/gp\/product\/B07Y468HV3\/ref=ppx_yo_dt_b_asin_title_o08_s00?ie=UTF8&amp;psc=1\">470X<\/a> 48GB <a href=\"https:\/\/www.newegg.com\/gigabyte-geforce-rtx-2070-gv-n2070wf2-8gd\/p\/N82E16814932160?Item=N82E16814932160\">RTX2070<\/a>+<a href=\"https:\/\/www.amazon.com\/gp\/product\/B01DOFD3RY\/ref=ppx_yo_dt_b_search_asin_title?ie=UTF8&amp;psc=1\">GT710<\/a>&nbsp;<a href=\"https:\/\/www.newegg.com\/white-fractal-design-meshify-s2-atx-mid-tower\/p\/N82E16811352104?Item=N82E16811352104\">Fractal S2<\/a>, <a href=\"https:\/\/www.amazon.com\/gp\/product\/B017ICWP82\/ref=ppx_yo_dt_b_search_asin_title?ie=UTF8&amp;psc=1\">1000W<\/a>&nbsp;<a href=\"https:\/\/www.newegg.com\/be-quiet-dark-rock-pro-4-bk022\/p\/13C-001F-00027?Item=9SIA68V6YA3005\">DRP4<\/a>&nbsp;<a href=\"https:\/\/www.amazon.com\/gp\/product\/B07Q2BHHRM\/ref=ppx_yo_dt_b_search_asin_title?ie=UTF8&amp;psc=1\">USB+4<\/a>&nbsp;<a href=\"https:\/\/smile.amazon.com\/gp\/product\/B07YB7HSFZ\/ref=ppx_yo_dt_b_asin_title_o00_s00?ie=UTF8&amp;psc=1\">BT5<\/a> <a href=\"https:\/\/www.amazon.com\/gp\/product\/B07MFZXR1B\/ref=ppx_yo_dt_b_search_asin_title?ie=UTF8&amp;psc=1\">SSD1<\/a> <a href=\"https:\/\/smile.amazon.com\/Intel-660p-2-0TB-80mm-978351\/dp\/B07GCLLKDC\/ref=sr_1_2?dchild=1&amp;keywords=660p+2tb&amp;qid=1591925928&amp;sr=8-2\">SSSD2<\/a><\/li><li>Pantallas: <a href=\"https:\/\/www.amazon.com\/gp\/product\/B081DC1H7F\/ref=ppx_yo_dt_b_search_asin_title?ie=UTF8&amp;psc=1\">1440p<\/a>(32&#8243;), 1080p x4(24&#8243;), <a href=\"https:\/\/www.bestbuy.com\/site\/tcl-55-class-4-series-led-4k-uhd-smart-android-tv\/6422762.p?skuId=6422762\">1080p<\/a>(55&#8243;), <a href=\"https:\/\/smile.amazon.com\/Microsoft-Surface-Intel-Certified-Refurbished\/dp\/B01HFL2INS\/ref=sr_1_4?s=electronics&amp;ie=UTF8&amp;qid=1524339634&amp;sr=1-4&amp;keywords=surface+pro++4+i5+8gb\">SP4<\/a>+<a href=\"https:\/\/smile.amazon.com\/gp\/product\/B07GXN1B7R\/ref=ppx_yo_dt_b_search_asin_title?ie=UTF8&amp;psc=1\">480p<\/a><\/li><\/ul>\n\n\n\n<p>Fotos de configuraci\u00f3n<\/p>\n\n\n\n<figure class=\"wp-block-image size-large\"><img decoding=\"async\" src=\"https:\/\/yokim.net\/wp-content\/uploads\/2020\/05\/2020-05-24-08.56.27-1024x768.jpg\" alt=\"\" class=\"wp-image-4310\" \/><\/figure>\n\n\n\n<figure class=\"wp-block-image size-large\"><img decoding=\"async\" src=\"https:\/\/yokim.net\/wp-content\/uploads\/sites\/2\/2020\/05\/2020-05-24-08.56.44-1024x768.jpg\" alt=\"\" class=\"wp-image-4313\" \/><\/figure>\n\n\n\n<p>Fotos de configuraci\u00f3n antiguas<\/p>\n\n\n\n<figure class=\"wp-block-image\"><a href=\"http:\/\/yokim.net\/wp-content\/uploads\/sites\/2\/2017\/12\/2017-12-29-08.27.04.jpg\"><img decoding=\"async\" src=\"http:\/\/yokim.net\/wp-content\/uploads\/sites\/2\/2017\/12\/2017-12-29-08.27.04.jpg\" alt=\"\" class=\"wp-image-3224\" \/><\/a><figcaption><br \/><\/figcaption><\/figure>\n\n\n\n<figure class=\"wp-block-image\"><a href=\"http:\/\/yokim.net\/wp-content\/uploads\/sites\/2\/2018\/04\/2018-04-19-19.28.55.jpg\"><img loading=\"lazy\" decoding=\"async\" width=\"1280\" height=\"720\" src=\"http:\/\/yokim.net\/wp-content\/uploads\/sites\/2\/2018\/04\/2018-04-19-19.28.55.jpg\" alt=\"\" class=\"wp-image-3366\" srcset=\"https:\/\/yokim.net\/wp-content\/uploads\/2018\/04\/2018-04-19-19.28.55.jpg 1280w, https:\/\/yokim.net\/wp-content\/uploads\/2018\/04\/2018-04-19-19.28.55-300x169.jpg 300w, https:\/\/yokim.net\/wp-content\/uploads\/2018\/04\/2018-04-19-19.28.55-1024x576.jpg 1024w, https:\/\/yokim.net\/wp-content\/uploads\/2018\/04\/2018-04-19-19.28.55-768x432.jpg 768w\" sizes=\"auto, (max-width: 1280px) 100vw, 1280px\" \/><\/a><\/figure>\n","protected":false},"excerpt":{"rendered":"<p>Hola! Si est\u00e1 viendo esta p\u00e1gina probablemente se ha venido de Twitch o YouTube.&nbsp; Me llamo Yongho Kim, y soy un activista profesional en una organizaci\u00f3n comunitaria de derechos de los inmigrantes llamada Centro de Recursos Coreanos&nbsp;(KRC) en Los Angeles, Estados Unidos. He estado con esta organizaci\u00f3n desde el 2006, trabajando en acceso a la [&hellip;]<\/p>\n","protected":false},"author":1,"featured_media":0,"parent":2469,"menu_order":0,"comment_status":"closed","ping_status":"closed","template":"","meta":{"footnotes":""},"class_list":["post-3196","page","type-page","status-publish","hentry"],"_links":{"self":[{"href":"https:\/\/yokim.net\/es\/wp-json\/wp\/v2\/pages\/3196","targetHints":{"allow":["GET"]}}],"collection":[{"href":"https:\/\/yokim.net\/es\/wp-json\/wp\/v2\/pages"}],"about":[{"href":"https:\/\/yokim.net\/es\/wp-json\/wp\/v2\/types\/page"}],"author":[{"embeddable":true,"href":"https:\/\/yokim.net\/es\/wp-json\/wp\/v2\/users\/1"}],"replies":[{"embeddable":true,"href":"https:\/\/yokim.net\/es\/wp-json\/wp\/v2\/comments?post=3196"}],"version-history":[{"count":0,"href":"https:\/\/yokim.net\/es\/wp-json\/wp\/v2\/pages\/3196\/revisions"}],"up":[{"embeddable":true,"href":"https:\/\/yokim.net\/es\/wp-json\/wp\/v2\/pages\/2469"}],"wp:attachment":[{"href":"https:\/\/yokim.net\/es\/wp-json\/wp\/v2\/media?parent=3196"}],"curies":[{"name":"wp","href":"https:\/\/api.w.org\/{rel}","templated":true}]}}