{"id":3296,"date":"2018-03-11T17:12:01","date_gmt":"2018-03-12T00:12:01","guid":{"rendered":"http:\/\/yokim.net\/?page_id=3296"},"modified":"2018-03-11T17:12:01","modified_gmt":"2018-03-12T00:12:01","slug":"c","status":"publish","type":"page","link":"https:\/\/yokim.net\/es\/yongho-kim-3\/c","title":{"rendered":"Buscando gente para conversar en castellano"},"content":{"rendered":"<p>Me llamo Yongho Kim y estoy buscando gente con la cual poder conversar por chat de voz simult\u00e1neo (Discord, Skype, tel\u00e9fono) en castellano, o personas con las que podamos juntarnos en EEUU Los Angeles Ktown para conversar en persona de forma regular, como 1-2 horas a la semana. Si quiere practicar el idioma coreano, podemos mezclar un poco los idiomas.<\/p>\n<p><iframe loading=\"lazy\" title=\"160731 Busco gente para hablar por chat de audio para practicar el idioma v\/es\" width=\"500\" height=\"281\" src=\"https:\/\/www.youtube.com\/embed\/XyztmUJpKD0?feature=oembed\" frameborder=\"0\" allow=\"accelerometer; autoplay; clipboard-write; encrypted-media; gyroscope; picture-in-picture; web-share\" referrerpolicy=\"strict-origin-when-cross-origin\" allowfullscreen><\/iframe><\/p>\n<p>Nac\u00ed en Corea y viv\u00ed en Chile por once a\u00f1os, durante la cual aprend\u00ed el castellano y cuando me gradu\u00e9 del liceo pod\u00eda hablar fluidamente, estaba empezando a escribir poes\u00eda y prosas. <a href=\"http:\/\/yokim.net\/es\/yongho-kim\/\">Ahora tengo 35 a\u00f1os, vivo en Los Angeles, EEUU, y trabajo en una ONG de derechos de los inmigrantes<\/a>.<\/p>\n<p>Llevo 18 a\u00f1os de salir de Chile, sin hablar tanto el idioma, y no pens\u00e9 que se me fuera a olvidar, pero de a poco me di cuenta que se me estaba empezando a deteriorar el idioma.<\/p>\n<p>Por esta raz\u00f3n necesito practicar.&nbsp;En el 2016 lo intent\u00e9 organizando <a href=\"http:\/\/aigocoreano.com\/\">sesiones de pr\u00e1ctica del idioma coreano<\/a>, pero organizado en castellano, con unos 15 participantes de varios lugares en latinoam\u00e9rica. Recientemente tambi\u00e9n he empezado a hacer streaming en video en <a href=\"https:\/\/www.youtube.com\/playlist?list=PLC_6-Pz4xrlCGZFu5n8BOwrbG_DJ2uLGQ\">YouTube<\/a> y <a href=\"https:\/\/www.twitch.tv\/yonghokim\">Twitch<\/a> para crear oportunidad para hablar con personas.<\/p>\n<p>Opcionalmente, tambi\u00e9n tengo inter\u00e9s en hacer podcasts, donde las dos personas hablar\u00edamos sobre varios temas (cualquier tema, lo importante es hablar), grabarlo y publicarlo en el internet para que lo oigan m\u00e1s personas y se puedan unir si les interesa. Un ejemplo de este modelo ser\u00eda podcasts como <a href=\"http:\/\/www.hellointernet.fm\/\">Hello Internet<\/a>.<\/p>\n<p>C\u00f3mo contactarme:<\/p>\n<ul>\n<li><a href=\"https:\/\/discord.gg\/XG8mSN5\">Discord<\/a><\/li>\n<li>KakaoTalk:&nbsp;yonghokim82<\/li>\n<li>Skype: yongho.kim<\/li>\n<li>HelloTalk: yonghokim3410<\/li>\n<li><a href=\"https:\/\/www.reddit.com\/r\/language_exchange\/comments\/7n4x3n\/offering_koreanc2_seeking_spanishc2\/\">Reddit: yonghokim<\/a><\/li>\n<\/ul>\n","protected":false},"excerpt":{"rendered":"<p>Me llamo Yongho Kim y estoy buscando gente con la cual poder conversar por chat de voz simult\u00e1neo (Discord, Skype, tel\u00e9fono) en castellano, o personas con las que podamos juntarnos en EEUU Los Angeles Ktown para conversar en persona de forma regular, como 1-2 horas a la semana. Si quiere practicar el idioma coreano, podemos [&hellip;]<\/p>\n","protected":false},"author":1,"featured_media":0,"parent":2469,"menu_order":0,"comment_status":"closed","ping_status":"closed","template":"","meta":{"footnotes":""},"class_list":["post-3296","page","type-page","status-publish","hentry"],"_links":{"self":[{"href":"https:\/\/yokim.net\/es\/wp-json\/wp\/v2\/pages\/3296","targetHints":{"allow":["GET"]}}],"collection":[{"href":"https:\/\/yokim.net\/es\/wp-json\/wp\/v2\/pages"}],"about":[{"href":"https:\/\/yokim.net\/es\/wp-json\/wp\/v2\/types\/page"}],"author":[{"embeddable":true,"href":"https:\/\/yokim.net\/es\/wp-json\/wp\/v2\/users\/1"}],"replies":[{"embeddable":true,"href":"https:\/\/yokim.net\/es\/wp-json\/wp\/v2\/comments?post=3296"}],"version-history":[{"count":0,"href":"https:\/\/yokim.net\/es\/wp-json\/wp\/v2\/pages\/3296\/revisions"}],"up":[{"embeddable":true,"href":"https:\/\/yokim.net\/es\/wp-json\/wp\/v2\/pages\/2469"}],"wp:attachment":[{"href":"https:\/\/yokim.net\/es\/wp-json\/wp\/v2\/media?parent=3296"}],"curies":[{"name":"wp","href":"https:\/\/api.w.org\/{rel}","templated":true}]}}