{"id":6027,"date":"2016-06-20T07:37:20","date_gmt":"2016-06-20T14:37:20","guid":{"rendered":"http:\/\/aigocoreano.com\/?page_id=18"},"modified":"2025-03-26T17:57:12","modified_gmt":"2025-03-27T00:57:12","slug":"recursos","status":"publish","type":"page","link":"https:\/\/yokim.net\/es\/recursos","title":{"rendered":"Recursos"},"content":{"rendered":"<p>Otros recursos para ayudar con el aprendizaje:<\/p>\n<h1>Canales de YouTube<\/h1>\n<p>Todos estos canales est\u00e1n en castellano:<\/p>\n<ul>\n<li><a href=\"https:\/\/www.udemy.com\/acoreanate-para-topik-curso-i-online-korean-class-coreano\/\">Acore\u00e1nate Go<\/a>\u00a0\/ <a href=\"https:\/\/www.youtube.com\/channel\/UCo9vkV0AFX4_pMQ_GD-peyA\">YouTube<\/a><\/li>\n<li><a href=\"https:\/\/www.youtube.com\/channel\/UCC22DqXbTW-m4oUHj8XmhXA\/featured\">Chicos Coreanos: Aprender coreano<\/a><\/li>\n<li><a href=\"https:\/\/www.youtube.com\/channel\/UC-9nTjw_qHCA693UA3jyDWw\">ConCorea<\/a><\/li>\n<li><a href=\"https:\/\/www.youtube.com\/channel\/UCNabTEuwWNTtDZv8FWTlO1A\/featured\">Coreano ref\u00e1cil<\/a><\/li>\n<li><a href=\"https:\/\/www.youtube.com\/channel\/UCSn2ct7PCfa5mOxnPWYCRnA\">Hablo Coreano<\/a><\/li>\n<li><a style=\"text-align: center\" href=\"https:\/\/www.youtube.com\/playlist?list=PLGt-NgPR5pKRfYcQXMFUm1L7UPdFJM80H\">Lina Woo<\/a><\/li>\n<li><a href=\"https:\/\/www.youtube.com\/playlist?list=PLOuQ4At0pIJ-jGYXQ4wHenhe8DJ2XCsC6\">NebyVlogs<\/a><\/li>\n<li><a href=\"https:\/\/www.youtube.com\/playlist?list=PLdckcUmb1eQf_V7JvJGLz8XnuWkeKbOmY\">Todo sobre Hangug<\/a><\/li>\n<li><a href=\"https:\/\/www.youtube.com\/user\/uncoreano\/featured\">Un coreano que ense\u00f1a coreano<\/a><\/li>\n<\/ul>\n<p style=\"text-align: left\">N\u00f3tese que los v\u00ednculos arriba son un v\u00ednculo a una playlist especializado con los videos que s\u00f3lo tratan del idioma, pero si sigue el v\u00ednculo al canal, podr\u00e1 ver tambi\u00e9n m\u00e1s videos que tratan de la cultura, sociedad y otros temas.<\/p>\n<h1>Libros<\/h1>\n<p>Todos estos libros\u00a0est\u00e1n en castellano:<\/p>\n<ul>\n<li><a href=\"https:\/\/www.oyejuanjo.com\/2019\/02\/mejores-libros-pdf-aprender-coreano-gratis.html?m=1\">Libros PDF para aprender coreano<\/a> (colecciones varias)<\/li>\n<li><a href=\"http:\/\/www.ieka.net\/Libro_de_Coreano\/1172\">\uc911\ub0a8\ubbf8\uc5d0\uc11c \ubc30\uc6b0\ub294 \ud55c\uad6d\uc5b4<\/a>\u00a0Nivel Inicial (<a href=\"http:\/\/yokim.net\/wp-content\/uploads\/sites\/2\/2016\/05\/%EC%A4%91%EB%82%A8%EB%AF%B8%EC%97%90%EC%84%9C-%EB%B0%B0%EC%9A%B0%EB%8A%94-%ED%95%9C%EA%B5%AD%EC%96%B4.pdf\">PDF<\/a>) \/ \uc9c0\uc740\uc774: \uc774\uc740\ud654, \ucd94\uc778\uacbd, \ud558\uc815\ud604<\/li>\n<li><a href=\"http:\/\/www.aladin.co.kr\/search\/wsearchresult.aspx?SearchTarget=All&amp;SearchWord=%C7%D1%B1%B9%BE%EE+%BD%BA%C6%E4%C0%CE%BE%EE%C6%C7&amp;x=0&amp;y=0\">\ucd08\uae09 \ud55c\uad6d\uc5b4 \uc77d\uae30 (\uc2a4\ud398\uc778\uc5b4\ud310)<\/a>\u00a0(<a href=\"http:\/\/sa3lkr.jimdo.com\/recursos\/\">PDF<\/a>)<\/li>\n<li><a href=\"https:\/\/es.scribd.com\/doc\/244028538\/Coreano-para-principiantes-pdf\">Coreano para Principiantes<\/a>\u00a0\/ Hye-Jeoung Kim, 2010<\/li>\n<li><a href=\"https:\/\/kupdf.com\/download\/bag-in-sug-el-coreano-basico-1988_58c93e6cdc0d60f970339028_pdf\">El Coreano B\u00e1sico<\/a>\u00a0\/ Bag in-sug, 1988)<\/li>\n<\/ul>\n<h1>Sitios web<\/h1>\n<ul>\n<li>Parece que hay bastantes recursos en el internet. \u00a1<strong><a href=\"https:\/\/www.google.com\/search?q=aprendiendo+el+idioma+coreano\">H\u00e1gale una b\u00fasqueda en Google<\/a><\/strong>!<\/li>\n<li><a href=\"http:\/\/www.howtostudykorean.com\/unit0\/unit0lesson1\/estructura-de-palabras-coreanas-y-letras-basicas\/\">C\u00f3mo aprender el coreano\/How to study Korean<\/a> (\u00a1est\u00e1 disponible en castellano!)<\/li>\n<li><a href=\"http:\/\/motivatekorean.com\/korean-listening-training\/\">Motivate Korean: Ejercicios para aprender a distinguir las consonantes<\/a><\/li>\n<li><a href=\"https:\/\/www.facebook.com\/groups\/vamosaaprendercoreano\/\">Grupo de Facebook: \ud55c\uad6d\uc5b4\ub97c \ubc30\uc6b0\uc790\/Vamos a aprender coreano<\/a>\u00a0(Maria Jose)<\/li>\n<li><a href=\"http:\/\/aprendecoreano.es\/\">Aprende Coreano.es<\/a><\/li>\n<li><a href=\"https:\/\/hinative.com\/\">HiNative<\/a> y\u00a0<a href=\"http:\/\/www.hellotalk.com\/Index\/index\/lan\/sp\/hellotalk.html#sp\">HelloTalk<\/a>\u00a0son programas para smartphones con las que puede conectarse con gente de todo el mundo, quienes pueden ayudarle con el aprendizaje del coreano, mientras usted les ayuda a aprender el castellano<\/li>\n<li>http:\/\/www.memrise.com\/group\/6781632\/<\/li>\n<\/ul>\n<h1>Recursos en Ingl\u00e9s<\/h1>\n<p>Hay miles de recursos en ingl\u00e9s para aprender coreano. Algunos son:<\/p>\n<ul>\n<li><a href=\"https:\/\/www.reddit.com\/r\/Korean\/\">Reddit \/r\/Korean<\/a>\u00a0(vea <a href=\"https:\/\/www.reddit.com\/r\/Korean\/comments\/rq3th\/the_ultimate_beginners_resource_thread\/\">la p\u00e1gina de recursos<\/a> all\u00ed)<\/li>\n<li><a href=\"http:\/\/motivatekorean.com\/\">Motivate Korean<\/a><\/li>\n<li><a href=\"http:\/\/wiseinit.com\/\" rel=\"nofollow\">WiseInit Korean<\/a><\/li>\n<li><a href=\"https:\/\/www.youtube.com\/channel\/UC7ynjArlSFuXW23ssZAknyA\">Go! Billy korean<\/a><\/li>\n<li>Telenovelas coreanas: <a href=\"https:\/\/www.dramafever.com\/\">Drama Fever<\/a>, <a href=\"https:\/\/www.viki.com\/genres\/korean-drama\">Viki<\/a>, <a href=\"http:\/\/www.hulu.com\/tv\/genres\/korean-drama\">Hulu<\/a><\/li>\n<\/ul>\n<h1>Otros Canales de YouTube<\/h1>\n<p><em>Coreanos hablando en Castellano, Coreanos en Latinoam\u00e9rica, Latinoamericanos en Corea, Canales en Castellano sobre la cultura de Corea<\/em><\/p>\n<p><a href=\"https:\/\/www.youtube.com\/c\/chilestyle\">Chile Style<\/a>,\u00a0<a href=\"https:\/\/www.youtube.com\/c\/coreanolocotv\">Coreano Loco<\/a>,\u00a0<a href=\"https:\/\/www.youtube.com\/channel\/UCsR7mvxkZ2GeENRqR6z7P_g\">Coreano Vlogs<\/a>, <a href=\"https:\/\/www.youtube.com\/channel\/UCctqpGhFL314yMlYEQ-FHWg\/featured\">DaleCorea<\/a>, <a href=\"https:\/\/www.youtube.com\/user\/doubletroubleencorea\/featured\">Double Trouble en Corea<\/a>, <a href=\"https:\/\/www.youtube.com\/channel\/UCtPEEgAkcWmwxd90XrKbz8g\">JEKS Coreana<\/a>, <a href=\"https:\/\/www.youtube.com\/channel\/UC-Kyt7UqHYktBZtmHttwtAw\">Latina Saram<\/a>, <a href=\"https:\/\/www.youtube.com\/channel\/UC1tz50QTCy15BSBRNCYxT_g\/featured\">Min Manse<\/a>, <a href=\"https:\/\/www.youtube.com\/channel\/UCqvoN5Buo-fZytXEjU8IuIQ\/feed\">KarenKonnectsKorea<\/a>, <a href=\"https:\/\/www.youtube.com\/channel\/UCW5_RH8SQj6qby3C96L_Z_Q\">Te Quiero Corea<\/a>, <a href=\"https:\/\/www.youtube.com\/channel\/UC90e98KEAmW-qHLwGt6FAYg\">Todo sobre Corea del Sur<\/a><\/p>\n<p>Contribuya su conocimiento de otros recursos en castellano en la secci\u00f3n de comentarios abajo. \u00bfNecesita subir archivos? S\u00fabalos usando <strong><a href=\"https:\/\/www.dropbox.com\/request\/WGSeeOTZx5J9i2p19HjB\">esta interfaz de Dropbox<\/a><\/strong> (no necesita cuenta de Dropbox para subir)<\/p>\n<h2>Adiciones<\/h2>\n<p>(Tengo que organizar estos links m\u00e1s tarde, me los mand\u00f3 la mam\u00e1)<\/p>\n<p>CLASES VIRTUALES DE IDIOMA COREANO<br \/>\n\u200b<br \/>\nLa Embajada de la Rep\u00fablica de Corea tiene el agrado de presentar las siguientes opciones de clases de idioma coreano de forma virtual para todos los interesados en aprender Hangul.<\/p>\n<p>1. Clases de Hangul en Espa\u00f1ol: Chongshin Korean Language Institute<br \/>\n&lt;1&gt; Nivel: Principiante (nivel 1)<br \/>\n&lt;2&gt; Descripci\u00f3n:<br \/>\n1) Curso gratis en Coursera. (https:\/\/es.coursera.org\/)<br \/>\n2) El curso es dictado en espa\u00f1ol.<br \/>\n&lt;3&gt; Puede acceder al curso en el siguiente enlace:<br \/>\n\u200bhttp:\/\/csklsi.ac.kr\/courses\/alfabeto-coreano-hangul\/<\/p>\n<p>2. Podcast: Yonsei Korean Language Institute<br \/>\n&lt;1&gt; Nivel: Principiante (nivel 1 y 2)<br \/>\n&lt;2&gt; Descripci\u00f3n: Este curso lo ayudara a:<br \/>\n1) Centrarse en las expresiones necesarias en la vida diaria.<br \/>\n2) Aprender vocabulario diario y formar oraciones a nivel principiante.<br \/>\n3) Aprender el uso de sin\u00f3nimos a nivel principiante.<br \/>\n4) Aprendizaje comparativo de oraciones similares.<br \/>\n5) Aprender expresiones idiom\u00e1ticas a nivel principiante.<br \/>\n6) El curso contiene 92 videos de clases de coreano (videos de 5 minutos cada uno)<br \/>\n7) Uso de subt\u00edtulos en coreano y en idiomas extranjeros.<br \/>\n8) Aumentar el efecto de aprendizaje al hacer uso de las expresiones estudiadas de manera repetitiva.<br \/>\n9) Inducir el aprendizaje pr\u00e1ctico presentando situaciones reales.<br \/>\n&lt;3&gt; Puede acceder al curso en el siguiente enlace:<br \/>\n\u200bhttps:\/\/www.youtube.com\/watch?v=-nC3SU-YpFk&amp;list=PLThOT_TVWlELZ2aa4FiZTg0jyaJ2dbNam<\/p>\n<p>3 MOOCs: First Step Korean<br \/>\n&lt;1&gt; Nivel: Principiante (Nivel 1)<br \/>\n&lt;2&gt; Descripci\u00f3n:<br \/>\n1) Curso sin consto en Coursera.<br \/>\n2) Curso en idioma ingles.<br \/>\n3) Dirigido a estudiantes de nivel 1que pueden leer y escribir el Han-geul.<br \/>\n4) Este curso le permitir\u00e1 aprender vocabulario y gram\u00e1tica b\u00e1sica del idioma coreano.<br \/>\n5) Para accede al curso de forma gratuita debe registrarse en la p\u00e1gina web.<br \/>\n&lt;3&gt; Puede acceder al curso en el siguiente enlace:<br \/>\n\u200bhttps:\/\/www.coursera.org\/learn\/learn-speak-korean1<\/p>\n<p>4. MOOCs: Learn to Speak Korean 1<br \/>\n&lt;1&gt;: Nivel: Principiante (Nivel 1)<br \/>\n&lt;2&gt; Descripci\u00f3n:<br \/>\n1) Curso sin consto en Coursera.<br \/>\n2) Curso en idioma ingles.<br \/>\n3) Dirigido a estudiantes de nivel 1que pueden leer y escribir el Han-geul.<br \/>\n4) Este curso le permitir\u00e1 aprender vocabulario y gram\u00e1tica b\u00e1sica del idioma coreano.<br \/>\n5) Para accede al curso de forma gratuita debe registrarse en la p\u00e1gina web.<br \/>\n&lt;3&gt; Puede acceder al curso en el siguiente enlace:<br \/>\n\u200bhttps:\/\/www.coursera.org\/learn\/learn-speak-korean1<\/p>\n<p>5. Naver: Today\u2019s Korean Conversation 1<br \/>\n&lt;1&gt; Nivel: Principiante (Level 1,2)<br \/>\n&lt;2&gt; Descripci\u00f3n:<br \/>\n1) Traducci\u00f3n en idioma ingl\u00e9s, chino y vietnamita est\u00e1 disponible.<br \/>\n2) Incrementa el aprendizaje a trav\u00e9s de varios tipos de cuestionarios.<br \/>\n3) Expresiones de uso real para estudiantes de nivel b\u00e1sico.<br \/>\n4) Disposici\u00f3n seg\u00fan la dificultad y frecuencia de uso.<br \/>\n5) Aprendizaje diario: 52 temas todos los d\u00edas.<br \/>\n6) Puede escuchar y practicar el di\u00e1logo repetidas veces.<br \/>\n7) Aseg\u00farese de que el n\u00famero de palabras nuevas que se aprendan por d\u00eda sea tan solo de 10<br \/>\ny de que estudie una oraci\u00f3n.<br \/>\n&lt;3&gt; Puede acceder al curso a trav\u00e9s de:<br \/>\n1) Enlace: https:\/\/learn.dict.naver.com\/conversation#\/korean-en\/20191202?tabIndex=0<br \/>\n2) Descarga de aplicaci\u00f3n en Google playstore o Apple store.<br \/>\n&#8211; Descargue la aplicaci\u00f3n \u2018Naver dictionary \ub124\uc774\ubc84\uc0ac\uc804\u2019<br \/>\n&#8211; Seleccione \u2018Todays\u2019 Korean Conversation\u2019 despu\u00e9s de seleccionar \u2018\ub2e8\uc5b4\uc7a5\/\ud559\uc2b5\u2019<br \/>\n&#8211; Seleccione la fecha en la parte inferior y busque \u20182019.12.2.\u2019 para iniciar el curso desde la primera clase.<br \/>\n\u200b<br \/>\n6. Naver: Today\u2019s Korean Conversation 2<br \/>\n&lt;1&gt; Nivel: Intermedio, Avanzado (Nivel 3, 4, 5,6)<br \/>\n&lt;2&gt; Descripci\u00f3n:<br \/>\n1) Traducci\u00f3n en idioma ingl\u00e9s, chino y vietnamita se encuentra disponible.<br \/>\n2) Incrementa el aprendizaje a trav\u00e9s de varios tipos de cuestionarios.<br \/>\n3) Expresiones de uso real para estudiantes de nivel intermedio y avanzado.<br \/>\n&lt;3&gt; Puede acceder al curso a trav\u00e9s del siguiente enlace:<br \/>\n\u200bhttps:\/\/learn.dict.naver.com\/conversation#\/korean-en<\/p>\n<p>7. Language Education Institute of Seoul National University<br \/>\n&lt;1&gt; Nivel: Principiante e Intermedio.<br \/>\n&lt;2&gt; Descripci\u00f3n:<br \/>\n1) La traducci\u00f3n en idioma ingles se encuentra disponible.<br \/>\n&lt;3&gt; Puede acceder al curso a trav\u00e9s del siguiente enlace:<br \/>\nhttps:\/\/lei.snu.ac.kr\/mobile\/kr\/klec\/click-korean\/index.jsp<\/p>\n<p>8. STUDYTOPIK.GO.KR<br \/>\n&lt;1&gt; Nivel: Todos los niveles<br \/>\n&lt;2&gt; Descripci\u00f3n:<br \/>\n1) Los ex\u00e1menes TOPIK pasados est\u00e1n disponibles en esta plataforma.<br \/>\n2) Los cursos est\u00e1n disponibles en idioma tailand\u00e9s, vietnamita, \u00e1rabe, ruso, mongol, khmer,<br \/>\ne idioma birmano.<br \/>\n&lt;3&gt; Puede acceder al curso a trav\u00e9s del siguiente enlace:<br \/>\nhttps:\/\/studytopik.go.kr\/index.asp<\/p>\n","protected":false},"excerpt":{"rendered":"<p>Otros recursos para ayudar con el aprendizaje: Canales de YouTube Todos estos canales est\u00e1n en castellano: Acore\u00e1nate Go\u00a0\/ YouTube Chicos Coreanos: Aprender coreano ConCorea Coreano ref\u00e1cil Hablo Coreano Lina Woo NebyVlogs Todo sobre Hangug Un coreano que ense\u00f1a coreano N\u00f3tese que los v\u00ednculos arriba son un v\u00ednculo a una playlist especializado con los videos que [&hellip;]<\/p>\n","protected":false},"author":1,"featured_media":0,"parent":0,"menu_order":0,"comment_status":"open","ping_status":"open","template":"","meta":{"footnotes":""},"class_list":["post-6027","page","type-page","status-publish","hentry"],"_links":{"self":[{"href":"https:\/\/yokim.net\/es\/wp-json\/wp\/v2\/pages\/6027","targetHints":{"allow":["GET"]}}],"collection":[{"href":"https:\/\/yokim.net\/es\/wp-json\/wp\/v2\/pages"}],"about":[{"href":"https:\/\/yokim.net\/es\/wp-json\/wp\/v2\/types\/page"}],"author":[{"embeddable":true,"href":"https:\/\/yokim.net\/es\/wp-json\/wp\/v2\/users\/1"}],"replies":[{"embeddable":true,"href":"https:\/\/yokim.net\/es\/wp-json\/wp\/v2\/comments?post=6027"}],"version-history":[{"count":1,"href":"https:\/\/yokim.net\/es\/wp-json\/wp\/v2\/pages\/6027\/revisions"}],"predecessor-version":[{"id":6112,"href":"https:\/\/yokim.net\/es\/wp-json\/wp\/v2\/pages\/6027\/revisions\/6112"}],"wp:attachment":[{"href":"https:\/\/yokim.net\/es\/wp-json\/wp\/v2\/media?parent=6027"}],"curies":[{"name":"wp","href":"https:\/\/api.w.org\/{rel}","templated":true}]}}