{"id":6048,"date":"2018-04-16T20:43:38","date_gmt":"2018-04-17T03:43:38","guid":{"rendered":"http:\/\/aigocoreano.com\/?page_id=307"},"modified":"2025-03-26T17:57:14","modified_gmt":"2025-03-27T00:57:14","slug":"about","status":"publish","type":"page","link":"https:\/\/yokim.net\/es\/about","title":{"rendered":"\u00bfQu\u00e9 es Aigo Coreano?"},"content":{"rendered":"<p><strong>Aigo Coreano<\/strong> es un proyecto personal de <a href=\"http:\/\/yokim.net\/es\/yongho-kim\/\">Yongho Kim<\/a>. Inici\u00e9 este proyecto en Abril del 2016 para practicar el idioma castellano. Y pens\u00e9 que una manera de practicarlo podr\u00eda ser dando informaci\u00f3n sobre el idioma coreano a gente de habla hispana.<\/p>\n<p>Durante el 2016, el proyecto consisti\u00f3 de <a href=\"http:\/\/aigocoreano.com\/category\/sesiones\/\">sesiones gratuitas en vivo<\/a>, usando tecnolog\u00eda de chat de voz en Discord y transmitido por YouTube livestreams. Entre 2 y 15 personas de toda latinoam\u00e9rica y a veces Espa\u00f1a nos reun\u00edamos tres veces a la semana para leer guiones de telenovelas y charlar sobre la cultura coreana. La mayor\u00eda de las sesiones han sido grabadas &#8211; <a href=\"http:\/\/aigocoreano.com\/category\/sesiones\/\">puede verlas aqu\u00ed<\/a>. Probablmente <a href=\"http:\/\/aigocoreano.com\/285\/\">no estar\u00e9 haciendo m\u00e1s sesiones<\/a> en este formato &#8211; hay limitaciones de lo que se puede aprender, y para realmente sacarle el jugo hay que preparar las sesiones, para las que no ten\u00eda tiempo.<\/p>\n<p>Empezando en el 2018, estar\u00e9 subiendo principalmente videos con comentarios de cultura y sociedad, o analizando alg\u00fan tema espec\u00edfico de gram\u00e1tica o expresi\u00f3n del idioma. Si tiene pedidos, por favor d\u00e9jelos abajo.<\/p>\n<p>Otro proyecto que me interesar\u00eda hacer es un <a href=\"http:\/\/yokim.net\/es\/yongho-kim\/castellano\/\">podcast en espa\u00f1ol<\/a>\u00a0sobre la cultura y sociedad coreana, donde hablar\u00edamos yo con alguna otra persona y lo grabar\u00edamos para subirlo como podcast. Si tiene inter\u00e9s, por favor p\u00f3ngase en contacto.\u00a0<a href=\"http:\/\/yokim.net\/es\/yongho-kim\/castellano\/\">M\u00e1s informaci\u00f3n aqu\u00ed<\/a>.<\/p>\n<p>Gracias por su inter\u00e9s.<\/p>\n<p><a href=\"http:\/\/yokim.net\/es\/yongho-kim\/\">Yongho Kim<\/a><br \/>\n16 de Abril del 2018<\/p>\n<p>Todo contenido en este sitio producido por mi se distribuye bajo la licencia\u00a0<a href=\"https:\/\/creativecommons.org\/licenses\/by-sa\/3.0\/us\/deed.es\">Creative Commons By Attribution Share Alike<\/a>.<\/p>\n","protected":false},"excerpt":{"rendered":"<p>Aigo Coreano es un proyecto personal de Yongho Kim. Inici\u00e9 este proyecto en Abril del 2016 para practicar el idioma castellano. Y pens\u00e9 que una manera de practicarlo podr\u00eda ser dando informaci\u00f3n sobre el idioma coreano a gente de habla hispana. Durante el 2016, el proyecto consisti\u00f3 de sesiones gratuitas en vivo, usando tecnolog\u00eda de [&hellip;]<\/p>\n","protected":false},"author":1,"featured_media":0,"parent":0,"menu_order":0,"comment_status":"closed","ping_status":"closed","template":"","meta":{"footnotes":""},"class_list":["post-6048","page","type-page","status-publish","hentry"],"_links":{"self":[{"href":"https:\/\/yokim.net\/es\/wp-json\/wp\/v2\/pages\/6048","targetHints":{"allow":["GET"]}}],"collection":[{"href":"https:\/\/yokim.net\/es\/wp-json\/wp\/v2\/pages"}],"about":[{"href":"https:\/\/yokim.net\/es\/wp-json\/wp\/v2\/types\/page"}],"author":[{"embeddable":true,"href":"https:\/\/yokim.net\/es\/wp-json\/wp\/v2\/users\/1"}],"replies":[{"embeddable":true,"href":"https:\/\/yokim.net\/es\/wp-json\/wp\/v2\/comments?post=6048"}],"version-history":[{"count":1,"href":"https:\/\/yokim.net\/es\/wp-json\/wp\/v2\/pages\/6048\/revisions"}],"predecessor-version":[{"id":6129,"href":"https:\/\/yokim.net\/es\/wp-json\/wp\/v2\/pages\/6048\/revisions\/6129"}],"wp:attachment":[{"href":"https:\/\/yokim.net\/es\/wp-json\/wp\/v2\/media?parent=6048"}],"curies":[{"name":"wp","href":"https:\/\/api.w.org\/{rel}","templated":true}]}}