{"id":6049,"date":"2018-04-16T20:53:17","date_gmt":"2018-04-17T03:53:17","guid":{"rendered":"http:\/\/aigocoreano.com\/?page_id=311"},"modified":"2025-03-26T17:57:14","modified_gmt":"2025-03-27T00:57:14","slug":"diferencia-horaria","status":"publish","type":"page","link":"https:\/\/yokim.net\/es\/recursos\/diferencia-horaria","title":{"rendered":"Diferencias horarias"},"content":{"rendered":"\n<p>\u00bfEst\u00e1 tratando de organizar una llamada simultanea entre gente en latinoam\u00e9rica y corea y le confunden las diferencias horarias? \u00a1Consulte esta tabla!<\/p>\n\n\n\n<div class=\"wp-block-columns alignwide is-layout-flex wp-container-core-columns-is-layout-28f84493 wp-block-columns-is-layout-flex\">\n<div class=\"wp-block-column is-layout-flow wp-block-column-is-layout-flow\">\n<h2 class=\"wp-block-heading\">Noviembre<\/h2>\n\n\n\n<p>En referencia a Colombia:<\/p>\n\n\n\n<p>-3 M\u00e9xico\/Baja California, EU\/California<br>-2 M\u00e9xico\/Sonora, EU\/New Mexico<br>-1: M\u00e9xico DF, mayor\u00eda de Centroam\u00e9rica, EU\/Texas<br>+0: Cuba, Panam\u00e1, Colombia, Per\u00fa, Ecuador, EU\/New York<br>+1: Venezuela, Bolivia, Puerto Rico, Rep Dominicana<br>+2: Chile, Argentina, Paraguay, Uruguay, Brasil\/<a href=\"https:\/\/es.wikipedia.org\/wiki\/Husos_horarios_de_Brasil\">BRT<\/a><br>+6 Espa\u00f1a<br>+14 Corea del Sur<\/p>\n<\/div>\n\n\n\n<div class=\"wp-block-column is-layout-flow wp-block-column-is-layout-flow\">\n<h2 class=\"wp-block-heading\">Julio<\/h2>\n\n\n\n<p>En referencia a Colombia:<\/p>\n\n\n\n<p>-2 <strong>M\u00e9xico\/Baja California, EU\/California<\/strong><br>-1 <strong>M\u00e9xico\/Sonora<\/strong>, mayor\u00eda de Centroam\u00e9rica, <strong>EU\/New Mexico<\/strong><br>+0 <strong>M\u00e9xico DF<\/strong>, Cuba, Panam\u00e1, Colombia, Per\u00fa, Ecuador, <strong>EU\/Texas<\/strong><br>+1 Venezuela, Bolivia, Rep Dominicana, Puerto Rico, <strong>Chile, Paraguay, Uruguay, EU\/New York<\/strong><br>+2 Argentina, Brasil\/BRT<br><strong>+7 Espa\u00f1a<\/strong><br>+14 Corea del Sur<\/p>\n\n\n\n<p>Marcados en negritas son pa\u00edses que cambian en su diferencia horaria con Colombia en Julio en comparaci\u00f3n a Noviembre.<\/p>\n<\/div>\n<\/div>\n","protected":false},"excerpt":{"rendered":"<p>\u00bfEst\u00e1 tratando de organizar una llamada simultanea entre gente en latinoam\u00e9rica y corea y le confunden las diferencias horarias? \u00a1Consulte esta tabla! Noviembre En referencia a Colombia: -3 M\u00e9xico\/Baja California, EU\/California-2 M\u00e9xico\/Sonora, EU\/New Mexico-1: M\u00e9xico DF, mayor\u00eda de Centroam\u00e9rica, EU\/Texas+0: Cuba, Panam\u00e1, Colombia, Per\u00fa, Ecuador, EU\/New York+1: Venezuela, Bolivia, Puerto Rico, Rep Dominicana+2: Chile, Argentina, [&hellip;]<\/p>\n","protected":false},"author":1,"featured_media":0,"parent":6027,"menu_order":0,"comment_status":"open","ping_status":"closed","template":"","meta":{"footnotes":""},"class_list":["post-6049","page","type-page","status-publish","hentry"],"_links":{"self":[{"href":"https:\/\/yokim.net\/es\/wp-json\/wp\/v2\/pages\/6049","targetHints":{"allow":["GET"]}}],"collection":[{"href":"https:\/\/yokim.net\/es\/wp-json\/wp\/v2\/pages"}],"about":[{"href":"https:\/\/yokim.net\/es\/wp-json\/wp\/v2\/types\/page"}],"author":[{"embeddable":true,"href":"https:\/\/yokim.net\/es\/wp-json\/wp\/v2\/users\/1"}],"replies":[{"embeddable":true,"href":"https:\/\/yokim.net\/es\/wp-json\/wp\/v2\/comments?post=6049"}],"version-history":[{"count":1,"href":"https:\/\/yokim.net\/es\/wp-json\/wp\/v2\/pages\/6049\/revisions"}],"predecessor-version":[{"id":6130,"href":"https:\/\/yokim.net\/es\/wp-json\/wp\/v2\/pages\/6049\/revisions\/6130"}],"up":[{"embeddable":true,"href":"https:\/\/yokim.net\/es\/wp-json\/wp\/v2\/pages\/6027"}],"wp:attachment":[{"href":"https:\/\/yokim.net\/es\/wp-json\/wp\/v2\/media?parent=6049"}],"curies":[{"name":"wp","href":"https:\/\/api.w.org\/{rel}","templated":true}]}}