{"id":6050,"date":"2018-04-17T07:42:18","date_gmt":"2018-04-17T14:42:18","guid":{"rendered":"http:\/\/aigocoreano.com\/?page_id=339"},"modified":"2025-03-26T17:57:14","modified_gmt":"2025-03-27T00:57:14","slug":"consejos","status":"publish","type":"page","link":"https:\/\/yokim.net\/es\/consejos","title":{"rendered":"Consejos para estudiantes del idioma coreano \/ Curr\u00edculum recomendado"},"content":{"rendered":"<p>Estoy recopilando un curr\u00edculum recomendado para estudiantes del idioma coreano, incluyendo vocabulario, gram\u00e1tica, recursos en el internet, aspectos culturales y ejercicios.<\/p>\n<p>Mientras est\u00e1 en forma de borrador, lo tendr\u00e9 en <a href=\"https:\/\/docs.google.com\/document\/d\/150DVzpMHYb3tezlEN_Uf8Zp1-eYwveEoL973dd7PUFM\/edit#\">Google Docs<\/a>. Si tiene sugerencias, por favor ed\u00edtelo en el documento mismo, porque est\u00e1 abierto a todo p\u00fablico. Una vez que tome forma, lo estar\u00e9 copiando a esta p\u00e1gina web.<\/p>\n","protected":false},"excerpt":{"rendered":"<p>Estoy recopilando un curr\u00edculum recomendado para estudiantes del idioma coreano, incluyendo vocabulario, gram\u00e1tica, recursos en el internet, aspectos culturales y ejercicios. Mientras est\u00e1 en forma de borrador, lo tendr\u00e9 en Google Docs. Si tiene sugerencias, por favor ed\u00edtelo en el documento mismo, porque est\u00e1 abierto a todo p\u00fablico. Una vez que tome forma, lo estar\u00e9 [&hellip;]<\/p>\n","protected":false},"author":1,"featured_media":0,"parent":0,"menu_order":0,"comment_status":"closed","ping_status":"closed","template":"","meta":{"footnotes":""},"class_list":["post-6050","page","type-page","status-publish","hentry"],"_links":{"self":[{"href":"https:\/\/yokim.net\/es\/wp-json\/wp\/v2\/pages\/6050","targetHints":{"allow":["GET"]}}],"collection":[{"href":"https:\/\/yokim.net\/es\/wp-json\/wp\/v2\/pages"}],"about":[{"href":"https:\/\/yokim.net\/es\/wp-json\/wp\/v2\/types\/page"}],"author":[{"embeddable":true,"href":"https:\/\/yokim.net\/es\/wp-json\/wp\/v2\/users\/1"}],"replies":[{"embeddable":true,"href":"https:\/\/yokim.net\/es\/wp-json\/wp\/v2\/comments?post=6050"}],"version-history":[{"count":1,"href":"https:\/\/yokim.net\/es\/wp-json\/wp\/v2\/pages\/6050\/revisions"}],"predecessor-version":[{"id":6131,"href":"https:\/\/yokim.net\/es\/wp-json\/wp\/v2\/pages\/6050\/revisions\/6131"}],"wp:attachment":[{"href":"https:\/\/yokim.net\/es\/wp-json\/wp\/v2\/media?parent=6050"}],"curies":[{"name":"wp","href":"https:\/\/api.w.org\/{rel}","templated":true}]}}